{"id":20,"date":"2015-06-23T13:02:17","date_gmt":"2015-06-23T13:02:17","guid":{"rendered":"http:\/\/pines.greatcrew.eu\/?page_id=20"},"modified":"2025-09-10T14:29:47","modified_gmt":"2025-09-10T14:29:47","slug":"contact","status":"publish","type":"page","link":"https:\/\/www.pinetrees.pt.algarvecomputercentre.com\/de\/contact\/","title":{"rendered":"Contact"},"content":{"rendered":"<p class=\"qtranxs-available-languages-message qtranxs-available-languages-message-de\">Leider ist der Eintrag nur auf <a href=\"https:\/\/www.pinetrees.pt.algarvecomputercentre.com\/en\/wp-json\/wp\/v2\/pages\/20\" class=\"qtranxs-available-language-link qtranxs-available-language-link-en\" title=\"English\">English<\/a> und <a href=\"https:\/\/www.pinetrees.pt.algarvecomputercentre.com\/ru\/wp-json\/wp\/v2\/pages\/20\" class=\"qtranxs-available-language-link qtranxs-available-language-link-ru\" title=\"\u0420\u0443\u0441\u0441\u043a\u0438\u0439\">\u0420\u0443\u0441\u0441\u043a\u0438\u0439<\/a> verf\u00fcgbar. Der Inhalt wird in der Standard-Sprache dieser Website angezeigt. Sie k\u00f6nnen einen Link anklicken, um zu einer anderen verf\u00fcgbaren Sprache zu wechseln.<\/p><p><\/p>\n<div class=\"col-3\">\n<p>Casa dos Pinheiros &#8211; Corgo da Zorra &#8211; Almancil &#8211; Portugal<\/p>\n<p><script src=\"https:\/\/secure.skypeassets.com\/i\/scom\/js\/skype-uri.js\" type=\"text\/javascript\"><\/script><\/p>\n<div id=\"SkypeButton_Call_beverley_1\"><script type=\"text\/javascript\">\/\/ <![CDATA[\n Skype.ui({\n \"name\": \"call\",\n \"element\": \"SkypeButton_Call_beverley_1\",\n \"participants\": [\"beverley\"],<br \/>\n \"imageSize\": 24<br \/>\n });<\/p>\n\n\n\n\n<p>\/\/ ]]><\/script><\/div>\n<p>Tel: + 351 289 394 369<br \/>\nMobile: + 351 919 363 190<br \/>\nOr e-mail us at: bevpinetrees@gmail.com<\/p>\n<\/div>\n<div id=\"TA_selfserveprop306\" class=\"TA_selfserveprop col-3 right\">\n<ul id=\"sogPOE6f\" class=\"TA_links EXYgGZHZ\">\n<li id=\"Q0iyqzFoI\" class=\"vsekWexgL1AK\"><a href=\"http:\/\/www.tripadvisor.com\/\" target=\"_blank\" rel=\"noopener\"><img decoding=\"async\" src=\"http:\/\/www.tripadvisor.com\/img\/cdsi\/img2\/branding\/150_logo-11900-2.png\" alt=\"TripAdvisor\" \/><\/a><\/li>\n<\/ul>\n<\/div>\n<p><script src=\"http:\/\/www.jscache.com\/wejs?wtype=selfserveprop&amp;uniq=306&amp;locationId=4071912&amp;lang=en_US&amp;rating=true&amp;nreviews=4&amp;writereviewlink=true&amp;popIdx=true&amp;iswide=true&amp;border=false&amp;display_version=2\"><\/script>","protected":false},"excerpt":{"rendered":"<p>Leider ist der Eintrag nur auf English und \u0420\u0443\u0441\u0441\u043a\u0438\u0439 verf\u00fcgbar. Der Inhalt wird in der Standard-Sprache dieser Website angezeigt. Sie k\u00f6nnen einen Link anklicken, um zu einer anderen verf\u00fcgbaren Sprache zu wechseln. Casa dos Pinheiros &#8211; Corgo da Zorra &#8211; Almancil &#8211; Portugal Tel: + 351 289 394 369 Mobile: + 351 919 363 190 [&hellip;]<\/p>\n","protected":false},"author":1,"featured_media":73,"parent":0,"menu_order":6,"comment_status":"open","ping_status":"open","template":"","meta":{"_acf_changed":false,"footnotes":""},"class_list":["post-20","page","type-page","status-publish","has-post-thumbnail","hentry"],"acf":[],"yoast_head":"<!-- This site is optimized with the Yoast SEO plugin v25.1 - https:\/\/yoast.com\/wordpress\/plugins\/seo\/ -->\n<title>Contact | Pinetrees Riding Centre<\/title>\n<meta name=\"robots\" content=\"index, follow, max-snippet:-1, max-image-preview:large, max-video-preview:-1\" \/>\n<link rel=\"canonical\" href=\"https:\/\/pinetrees.pt\/de\/contact\/\" \/>\n<meta property=\"og:locale\" content=\"de_DE\" \/>\n<meta property=\"og:type\" content=\"article\" \/>\n<meta property=\"og:title\" content=\"Contact | Pinetrees Riding Centre\" \/>\n<meta property=\"og:description\" content=\"Leider ist der Eintrag nur auf English und \u0420\u0443\u0441\u0441\u043a\u0438\u0439 verf\u00fcgbar. Der Inhalt wird in der Standard-Sprache dieser Website angezeigt. Sie k\u00f6nnen einen Link anklicken, um zu einer anderen verf\u00fcgbaren Sprache zu wechseln. Casa dos Pinheiros &#8211; Corgo da Zorra &#8211; Almancil &#8211; Portugal Tel: + 351 289 394 369 Mobile: + 351 919 363 190 [&hellip;]\" \/>\n<meta property=\"og:url\" content=\"https:\/\/pinetrees.pt\/de\/contact\/\" \/>\n<meta property=\"og:site_name\" content=\"Pinetrees Riding Centre\" \/>\n<meta property=\"article:modified_time\" content=\"2025-09-10T14:29:47+00:00\" \/>\n<meta property=\"og:image\" content=\"https:\/\/pinetrees.pt\/wp-content\/uploads\/2015\/06\/Entrance1.jpg\" \/>\n\t<meta property=\"og:image:width\" content=\"2242\" \/>\n\t<meta property=\"og:image:height\" content=\"1494\" \/>\n\t<meta property=\"og:image:type\" content=\"image\/jpeg\" \/>\n<meta name=\"twitter:card\" content=\"summary_large_image\" \/>\n<meta name=\"twitter:label1\" content=\"Gesch\u00e4tzte Lesezeit\" \/>\n\t<meta name=\"twitter:data1\" content=\"1\u00a0Minute\" \/>\n<script type=\"application\/ld+json\" class=\"yoast-schema-graph\">{\"@context\":\"https:\/\/schema.org\",\"@graph\":[{\"@type\":\"WebPage\",\"@id\":\"https:\/\/pinetrees.pt\/de\/contact\/\",\"url\":\"https:\/\/pinetrees.pt\/de\/contact\/\",\"name\":\"Contact | Pinetrees Riding Centre\",\"isPartOf\":{\"@id\":\"https:\/\/pinetrees.pt\/pt\/#website\"},\"primaryImageOfPage\":{\"@id\":\"https:\/\/pinetrees.pt\/de\/contact\/#primaryimage\"},\"image\":{\"@id\":\"https:\/\/pinetrees.pt\/de\/contact\/#primaryimage\"},\"thumbnailUrl\":\"https:\/\/www.pinetrees.pt.algarvecomputercentre.com\/wp-content\/uploads\/2015\/06\/Entrance1.jpg\",\"datePublished\":\"2015-06-23T13:02:17+00:00\",\"dateModified\":\"2025-09-10T14:29:47+00:00\",\"breadcrumb\":{\"@id\":\"https:\/\/pinetrees.pt\/de\/contact\/#breadcrumb\"},\"inLanguage\":\"de\",\"potentialAction\":[{\"@type\":\"ReadAction\",\"target\":[\"https:\/\/pinetrees.pt\/de\/contact\/\"]}]},{\"@type\":\"ImageObject\",\"inLanguage\":\"de\",\"@id\":\"https:\/\/pinetrees.pt\/de\/contact\/#primaryimage\",\"url\":\"https:\/\/www.pinetrees.pt.algarvecomputercentre.com\/wp-content\/uploads\/2015\/06\/Entrance1.jpg\",\"contentUrl\":\"https:\/\/www.pinetrees.pt.algarvecomputercentre.com\/wp-content\/uploads\/2015\/06\/Entrance1.jpg\",\"width\":2242,\"height\":1494},{\"@type\":\"BreadcrumbList\",\"@id\":\"https:\/\/pinetrees.pt\/de\/contact\/#breadcrumb\",\"itemListElement\":[{\"@type\":\"ListItem\",\"position\":1,\"name\":\"Home\",\"item\":\"https:\/\/pinetrees.pt\/pt\/\"},{\"@type\":\"ListItem\",\"position\":2,\"name\":\"Contact\"}]},{\"@type\":\"WebSite\",\"@id\":\"https:\/\/pinetrees.pt\/pt\/#website\",\"url\":\"https:\/\/pinetrees.pt\/pt\/\",\"name\":\"Pinetrees Riding Centre\",\"description\":\"Your best riding experience in Algarve\",\"potentialAction\":[{\"@type\":\"SearchAction\",\"target\":{\"@type\":\"EntryPoint\",\"urlTemplate\":\"https:\/\/pinetrees.pt\/pt\/?s={search_term_string}\"},\"query-input\":{\"@type\":\"PropertyValueSpecification\",\"valueRequired\":true,\"valueName\":\"search_term_string\"}}],\"inLanguage\":\"de\"}]}<\/script>\n<!-- \/ Yoast SEO plugin. -->","yoast_head_json":{"title":"Contact | Pinetrees Riding Centre","robots":{"index":"index","follow":"follow","max-snippet":"max-snippet:-1","max-image-preview":"max-image-preview:large","max-video-preview":"max-video-preview:-1"},"canonical":"https:\/\/pinetrees.pt\/de\/contact\/","og_locale":"de_DE","og_type":"article","og_title":"Contact | Pinetrees Riding Centre","og_description":"Leider ist der Eintrag nur auf English und \u0420\u0443\u0441\u0441\u043a\u0438\u0439 verf\u00fcgbar. Der Inhalt wird in der Standard-Sprache dieser Website angezeigt. Sie k\u00f6nnen einen Link anklicken, um zu einer anderen verf\u00fcgbaren Sprache zu wechseln. Casa dos Pinheiros &#8211; Corgo da Zorra &#8211; Almancil &#8211; Portugal Tel: + 351 289 394 369 Mobile: + 351 919 363 190 [&hellip;]","og_url":"https:\/\/pinetrees.pt\/de\/contact\/","og_site_name":"Pinetrees Riding Centre","article_modified_time":"2025-09-10T14:29:47+00:00","og_image":[{"width":2242,"height":1494,"url":"https:\/\/pinetrees.pt\/wp-content\/uploads\/2015\/06\/Entrance1.jpg","type":"image\/jpeg"}],"twitter_card":"summary_large_image","twitter_misc":{"Gesch\u00e4tzte Lesezeit":"1\u00a0Minute"},"schema":{"@context":"https:\/\/schema.org","@graph":[{"@type":"WebPage","@id":"https:\/\/pinetrees.pt\/de\/contact\/","url":"https:\/\/pinetrees.pt\/de\/contact\/","name":"Contact | Pinetrees Riding Centre","isPartOf":{"@id":"https:\/\/pinetrees.pt\/pt\/#website"},"primaryImageOfPage":{"@id":"https:\/\/pinetrees.pt\/de\/contact\/#primaryimage"},"image":{"@id":"https:\/\/pinetrees.pt\/de\/contact\/#primaryimage"},"thumbnailUrl":"https:\/\/www.pinetrees.pt.algarvecomputercentre.com\/wp-content\/uploads\/2015\/06\/Entrance1.jpg","datePublished":"2015-06-23T13:02:17+00:00","dateModified":"2025-09-10T14:29:47+00:00","breadcrumb":{"@id":"https:\/\/pinetrees.pt\/de\/contact\/#breadcrumb"},"inLanguage":"de","potentialAction":[{"@type":"ReadAction","target":["https:\/\/pinetrees.pt\/de\/contact\/"]}]},{"@type":"ImageObject","inLanguage":"de","@id":"https:\/\/pinetrees.pt\/de\/contact\/#primaryimage","url":"https:\/\/www.pinetrees.pt.algarvecomputercentre.com\/wp-content\/uploads\/2015\/06\/Entrance1.jpg","contentUrl":"https:\/\/www.pinetrees.pt.algarvecomputercentre.com\/wp-content\/uploads\/2015\/06\/Entrance1.jpg","width":2242,"height":1494},{"@type":"BreadcrumbList","@id":"https:\/\/pinetrees.pt\/de\/contact\/#breadcrumb","itemListElement":[{"@type":"ListItem","position":1,"name":"Home","item":"https:\/\/pinetrees.pt\/pt\/"},{"@type":"ListItem","position":2,"name":"Contact"}]},{"@type":"WebSite","@id":"https:\/\/pinetrees.pt\/pt\/#website","url":"https:\/\/pinetrees.pt\/pt\/","name":"Pinetrees Riding Centre","description":"Your best riding experience in Algarve","potentialAction":[{"@type":"SearchAction","target":{"@type":"EntryPoint","urlTemplate":"https:\/\/pinetrees.pt\/pt\/?s={search_term_string}"},"query-input":{"@type":"PropertyValueSpecification","valueRequired":true,"valueName":"search_term_string"}}],"inLanguage":"de"}]}},"_links":{"self":[{"href":"https:\/\/www.pinetrees.pt.algarvecomputercentre.com\/de\/wp-json\/wp\/v2\/pages\/20","targetHints":{"allow":["GET"]}}],"collection":[{"href":"https:\/\/www.pinetrees.pt.algarvecomputercentre.com\/de\/wp-json\/wp\/v2\/pages"}],"about":[{"href":"https:\/\/www.pinetrees.pt.algarvecomputercentre.com\/de\/wp-json\/wp\/v2\/types\/page"}],"author":[{"embeddable":true,"href":"https:\/\/www.pinetrees.pt.algarvecomputercentre.com\/de\/wp-json\/wp\/v2\/users\/1"}],"replies":[{"embeddable":true,"href":"https:\/\/www.pinetrees.pt.algarvecomputercentre.com\/de\/wp-json\/wp\/v2\/comments?post=20"}],"version-history":[{"count":20,"href":"https:\/\/www.pinetrees.pt.algarvecomputercentre.com\/de\/wp-json\/wp\/v2\/pages\/20\/revisions"}],"predecessor-version":[{"id":19951,"href":"https:\/\/www.pinetrees.pt.algarvecomputercentre.com\/de\/wp-json\/wp\/v2\/pages\/20\/revisions\/19951"}],"wp:featuredmedia":[{"embeddable":true,"href":"https:\/\/www.pinetrees.pt.algarvecomputercentre.com\/de\/wp-json\/wp\/v2\/media\/73"}],"wp:attachment":[{"href":"https:\/\/www.pinetrees.pt.algarvecomputercentre.com\/de\/wp-json\/wp\/v2\/media?parent=20"}],"curies":[{"name":"wp","href":"https:\/\/api.w.org\/{rel}","templated":true}]}}