{"id":241,"date":"2015-07-06T11:14:12","date_gmt":"2015-07-06T11:14:12","guid":{"rendered":"http:\/\/pines.greatcrew.eu\/?page_id=241"},"modified":"2024-07-30T17:01:02","modified_gmt":"2024-07-30T17:01:02","slug":"booking","status":"publish","type":"page","link":"https:\/\/www.pinetrees.pt.algarvecomputercentre.com\/de\/booking\/","title":{"rendered":"Request Booking"},"content":{"rendered":"<p class=\"qtranxs-available-languages-message qtranxs-available-languages-message-de\">Leider ist der Eintrag nur auf <a href=\"https:\/\/www.pinetrees.pt.algarvecomputercentre.com\/en\/wp-json\/wp\/v2\/pages\/241\" class=\"qtranxs-available-language-link qtranxs-available-language-link-en\" title=\"English\">English<\/a> verf\u00fcgbar. Der Inhalt wird unten in einer verf\u00fcgbaren Sprache angezeigt. Klicken Sie auf den Link, um die aktuelle Sprache zu \u00e4ndern.<\/p><p>Please fill in the form below with the rider&#8217;s details, suggestions, and information. \u2028Requests for bookings by email need to be made a minimum of 48 hours beforehand.<br \/>\nFor additional persons, please submit the booking form again. \u2028A phone contact number should be included.<\/p>\n<p>The information below is necessary to reply to your inquiry and eventually process your booking.<\/p>\n<p><strong>*Please do not use contact form on this site. Send your information to bevpinetrees@gmail.com or WhatsApp +351 919363190<\/strong><\/p>\n<p>\n<div class=\"wpcf7 no-js\" id=\"wpcf7-f242-o1\" lang=\"en-US\" dir=\"ltr\" data-wpcf7-id=\"242\">\n<div class=\"screen-reader-response\"><p role=\"status\" aria-live=\"polite\" aria-atomic=\"true\"><\/p> <ul><\/ul><\/div>\n<form action=\"\/de\/wp-json\/wp\/v2\/pages\/241#wpcf7-f242-o1\" method=\"post\" class=\"wpcf7-form init\" aria-label=\"Contact form\" novalidate=\"novalidate\" data-status=\"init\">\n<div style=\"display: none;\">\n<input type=\"hidden\" name=\"_wpcf7\" value=\"242\" \/>\n<input type=\"hidden\" name=\"_wpcf7_version\" value=\"6.0.6\" \/>\n<input type=\"hidden\" name=\"_wpcf7_locale\" value=\"en_US\" \/>\n<input type=\"hidden\" name=\"_wpcf7_unit_tag\" value=\"wpcf7-f242-o1\" \/>\n<input type=\"hidden\" name=\"_wpcf7_container_post\" value=\"0\" \/>\n<input type=\"hidden\" name=\"_wpcf7_posted_data_hash\" value=\"\" \/>\n<\/div>\n<div class=\"row\">\n\t<div class=\"col-3\">\n\t\t<div class=\"form-r\">\n\t\t\t<p><label><br \/>\n<span> Which ride would you prefer?<\/span><br \/>\n<span class=\"wpcf7-form-control-wrap\" data-name=\"riding-type\"><input size=\"40\" maxlength=\"400\" class=\"wpcf7-form-control wpcf7-text wpcf7-validates-as-required\" id=\"rideName\" aria-required=\"true\" aria-invalid=\"false\" value=\"\" type=\"text\" name=\"riding-type\" \/><\/span><br \/>\n<\/label>\n\t\t\t<\/p>\n\t\t<\/div>\n\t<\/div>\n\t<div class=\"col-3\">\n\t\t<div class=\"form-r half-inputs\">\n\t\t\t<p><label><br \/>\n<span>Riding date and preferred time<\/span><br \/>\n<span class=\"wpcf7-form-control-wrap\" data-name=\"riding-date\"><input size=\"40\" maxlength=\"400\" class=\"wpcf7-form-control wpcf7-text wpcf7-validates-as-required\" aria-required=\"true\" aria-invalid=\"false\" value=\"\" type=\"text\" name=\"riding-date\" \/><\/span><br \/>\n<span class=\"wpcf7-form-control-wrap\" data-name=\"riding-time\"><input size=\"40\" maxlength=\"400\" class=\"wpcf7-form-control wpcf7-text wpcf7-validates-as-required\" aria-required=\"true\" aria-invalid=\"false\" value=\"\" type=\"text\" name=\"riding-time\" \/><\/span><br \/>\n<\/label>\n\t\t\t<\/p>\n\t\t<\/div>\n\t<\/div>\n<\/div>\n<div class=\"row\">\n\t<div class=\"col-3\">\n\t\t<h4>Personal data\n\t\t<\/h4>\n\t\t<div class=\"form-r\">\n\t\t\t<p><label><br \/>\n<span> Rider Name<\/span><br \/>\n<span class=\"wpcf7-form-control-wrap\" data-name=\"name\"><input size=\"40\" maxlength=\"400\" class=\"wpcf7-form-control wpcf7-text wpcf7-validates-as-required\" aria-required=\"true\" aria-invalid=\"false\" value=\"\" type=\"text\" name=\"name\" \/><\/span><br \/>\n<\/label>\n\t\t\t<\/p>\n\t\t<\/div>\n\t\t<div class=\"form-r\">\n\t\t\t<p><label><br \/>\n<span>Date of birth<\/span><br \/>\n<span class=\"wpcf7-form-control-wrap\" data-name=\"date\"><input size=\"40\" maxlength=\"400\" class=\"wpcf7-form-control wpcf7-text wpcf7-validates-as-required\" aria-required=\"true\" aria-invalid=\"false\" placeholder=\"\" value=\"\" type=\"text\" name=\"date\" \/><\/span><br \/>\n<\/label>\n\t\t\t<\/p>\n\t\t<\/div>\n\t\t<div class=\"form-r\">\n\t\t\t<p><label><br \/>\n<span>Where are you staying in the Algarve<\/span><br \/>\n<span class=\"wpcf7-form-control-wrap\" data-name=\"Holiday\"><input size=\"40\" maxlength=\"400\" class=\"wpcf7-form-control wpcf7-text wpcf7-validates-as-required\" aria-required=\"true\" aria-invalid=\"false\" value=\"\" type=\"text\" name=\"Holiday\" \/><\/span><br \/>\n<\/label>\n\t\t\t<\/p>\n\t\t<\/div>\n\t\t<div class=\"form-r\">\n\t\t\t<p><label><br \/>\n<span>Mobile phone with country code <small>(should be available for confirmation)<\/small><\/span><br \/>\n<span class=\"wpcf7-form-control-wrap\" data-name=\"telephone\"><input size=\"40\" maxlength=\"400\" class=\"wpcf7-form-control wpcf7-text wpcf7-validates-as-required\" aria-required=\"true\" aria-invalid=\"false\" value=\"\" type=\"text\" name=\"telephone\" \/><\/span><br \/>\n<\/label>\n\t\t\t<\/p>\n\t\t<\/div>\n\t\t<div class=\"form-r\">\n\t\t\t<p><label><br \/>\n<span>Email<\/span><br \/>\n<span class=\"wpcf7-form-control-wrap\" data-name=\"email\"><input size=\"40\" maxlength=\"400\" class=\"wpcf7-form-control wpcf7-email wpcf7-validates-as-required wpcf7-text wpcf7-validates-as-email\" aria-required=\"true\" aria-invalid=\"false\" value=\"\" type=\"email\" name=\"email\" \/><\/span><br \/>\n<\/label>\n\t\t\t<\/p>\n\t\t<\/div>\n\t\t<div class=\"form-r\">\n\t\t\t<p><label><br \/>\n<span>Special notes or comments<\/span><br \/>\n<span class=\"wpcf7-form-control-wrap\" data-name=\"comments\"><textarea cols=\"40\" rows=\"10\" maxlength=\"2000\" class=\"wpcf7-form-control wpcf7-textarea\" aria-invalid=\"false\" name=\"comments\"><\/textarea><\/span><br \/>\n<\/label>\n\t\t\t<\/p>\n\t\t<\/div>\n\t<\/div>\n\t<div class=\"col-3\">\n\t\t<h4>Rider's data\n\t\t<\/h4>\n\t\t<div class=\"form-r\">\n\t\t\t<p><label><br \/>\n<span>Height<\/span><br \/>\n<span class=\"wpcf7-form-control-wrap\" data-name=\"rider-height\"><input size=\"40\" maxlength=\"400\" class=\"wpcf7-form-control wpcf7-text wpcf7-validates-as-required\" aria-required=\"true\" aria-invalid=\"false\" value=\"\" type=\"text\" name=\"rider-height\" \/><\/span><br \/>\n<\/label>\n\t\t\t<\/p>\n\t\t<\/div>\n\t\t<div class=\"form-r\">\n\t\t\t<p><label><br \/>\n<span>Weight <small>maximum: 12.6st, 176.37lbs, 80 kilos<\/small><\/span><br \/>\n<span class=\"wpcf7-form-control-wrap\" data-name=\"rider-weight\"><input size=\"40\" maxlength=\"400\" class=\"wpcf7-form-control wpcf7-text wpcf7-validates-as-required\" aria-required=\"true\" aria-invalid=\"false\" value=\"\" type=\"text\" name=\"rider-weight\" \/><\/span><br \/>\n<\/label>\n\t\t\t<\/p>\n\t\t<\/div>\n\t\t<div class=\"form-r\">\n\t\t\t<p><span><strong>Riding level of experience choice only one <\/strong> <small>please check at least one<\/small><\/span><span class=\"wpcf7-form-control-wrap\" data-name=\"rider-experience\"><span class=\"wpcf7-form-control wpcf7-checkbox wpcf7-validates-as-required\"><span class=\"wpcf7-list-item first\"><label><input type=\"checkbox\" name=\"rider-experience[]\" value=\"Level 1 - walk\" \/><span class=\"wpcf7-list-item-label\">Level 1 - walk<\/span><\/label><\/span><span class=\"wpcf7-list-item\"><label><input type=\"checkbox\" name=\"rider-experience[]\" value=\"Level 2 -  trek\" \/><span class=\"wpcf7-list-item-label\">Level 2 -  trek<\/span><\/label><\/span><span class=\"wpcf7-list-item last\"><label><input type=\"checkbox\" name=\"rider-experience[]\" value=\"Level 3 - Hack\" \/><span class=\"wpcf7-list-item-label\">Level 3 - Hack<\/span><\/label><\/span><\/span><\/span>\n\t\t\t<\/p>\n\t\t<\/div>\n\t\t<div class=\"form-r\">\n\t\t\t<p><span><strong>Frequency of riding<\/strong><\/span><span class=\"wpcf7-form-control-wrap\" data-name=\"rider-frequency\"><span class=\"wpcf7-form-control wpcf7-radio\"><span class=\"wpcf7-list-item first\"><label><input type=\"radio\" name=\"rider-frequency\" value=\"Never\" checked=\"checked\" \/><span class=\"wpcf7-list-item-label\">Never<\/span><\/label><\/span><span class=\"wpcf7-list-item\"><label><input type=\"radio\" name=\"rider-frequency\" value=\"Rusty\" \/><span class=\"wpcf7-list-item-label\">Rusty<\/span><\/label><\/span><span class=\"wpcf7-list-item\"><label><input type=\"radio\" name=\"rider-frequency\" value=\"Occasionally\" \/><span class=\"wpcf7-list-item-label\">Occasionally<\/span><\/label><\/span><span class=\"wpcf7-list-item\"><label><input type=\"radio\" name=\"rider-frequency\" value=\"Weekly\" \/><span class=\"wpcf7-list-item-label\">Weekly<\/span><\/label><\/span><span class=\"wpcf7-list-item\"><label><input type=\"radio\" name=\"rider-frequency\" value=\"Several times a week\" \/><span class=\"wpcf7-list-item-label\">Several times a week<\/span><\/label><\/span><span class=\"wpcf7-list-item last\"><label><input type=\"radio\" name=\"rider-frequency\" value=\"Daily\" \/><span class=\"wpcf7-list-item-label\">Daily<\/span><\/label><\/span><\/span><\/span>\n\t\t\t<\/p>\n\t\t<\/div>\n\t\t<div class=\"form-r\">\n\t\t\t<p><span><strong>Horse owner<\/strong><\/span><span class=\"wpcf7-form-control-wrap\" data-name=\"rider-horse\"><span class=\"wpcf7-form-control wpcf7-checkbox\"><span class=\"wpcf7-list-item first\"><label><input type=\"checkbox\" name=\"rider-horse[]\" value=\"At present\" \/><span class=\"wpcf7-list-item-label\">At present<\/span><\/label><\/span><span class=\"wpcf7-list-item\"><label><input type=\"checkbox\" name=\"rider-horse[]\" value=\"In the past\" \/><span class=\"wpcf7-list-item-label\">In the past<\/span><\/label><\/span><span class=\"wpcf7-list-item last\"><label><input type=\"checkbox\" name=\"rider-horse[]\" value=\"Not a horse owner\" \/><span class=\"wpcf7-list-item-label\">Not a horse owner<\/span><\/label><\/span><\/span><\/span>\n\t\t\t<\/p>\n\t\t<\/div>\n\t\t<div class=\"form-r\">\n\t\t\t<p><span><strong>Competition experience<\/strong><\/span><br \/>\n<label><br \/>\n<span>Discipline<\/span><br \/>\n<span class=\"wpcf7-form-control-wrap\" data-name=\"rider-comp-discipline\"><input size=\"40\" maxlength=\"400\" class=\"wpcf7-form-control wpcf7-text\" aria-invalid=\"false\" value=\"\" type=\"text\" name=\"rider-comp-discipline\" \/><\/span><br \/>\n<\/label>\n\t\t\t<\/p>\n\t\t<\/div>\n\t\t<div class=\"form-r\">\n\t\t\t<p><label><br \/>\n<span>Level<\/span><br \/>\n<span class=\"wpcf7-form-control-wrap\" data-name=\"rider-comp-level\"><input size=\"40\" maxlength=\"400\" class=\"wpcf7-form-control wpcf7-text\" aria-invalid=\"false\" value=\"\" type=\"text\" name=\"rider-comp-level\" \/><\/span><br \/>\n<\/label>\n\t\t\t<\/p>\n\t\t<\/div>\n\t\t<div class=\"form-r\">\n\t\t\t<p><label><br \/>\n<span>*due to spam assaults, please kindly confirm that you are not a\u00a0robot<\/span><br \/>\n<input type=\"hidden\" name=\"_wpcf7_captcha_challenge_captcha-112\" value=\"448618292\" \/><img loading=\"lazy\" decoding=\"async\" class=\"wpcf7-form-control wpcf7-captchac wpcf7-captcha-captcha-112\" width=\"72\" height=\"24\" alt=\"captcha\" src=\"https:\/\/www.pinetrees.pt.algarvecomputercentre.com\/wp-content\/uploads\/wpcf7_captcha\/448618292.png\" \/> <span class=\"wpcf7-form-control-wrap\" data-name=\"captcha-112\"><input size=\"40\" class=\"wpcf7-form-control wpcf7-captchar\" autocomplete=\"off\" aria-invalid=\"false\" value=\"\" type=\"text\" name=\"captcha-112\" \/><\/span><br \/>\n<\/label>\n\t\t\t<\/p>\n\t\t<\/div>\n\t\t<div class=\"form-r\">\n\t\t\t<p><input class=\"wpcf7-form-control wpcf7-submit has-spinner\" id=\"bookingRequest\" type=\"submit\" value=\"Request a booking\" \/>\n\t\t\t<\/p>\n\t\t<\/div>\n\t<\/div>\n<\/div><div class=\"wpcf7-response-output\" aria-hidden=\"true\"><\/div>\n<\/form>\n<\/div>\n<\/p>","protected":false},"excerpt":{"rendered":"<p>Leider ist der Eintrag nur auf English verf\u00fcgbar. Der Inhalt wird unten in einer verf\u00fcgbaren Sprache angezeigt. Klicken Sie auf den Link, um die aktuelle Sprache zu \u00e4ndern.Please fill in the form below with the rider&#8217;s details, suggestions, and information. \u2028Requests for bookings by email need to be made a minimum of 48 hours beforehand. [&hellip;]<\/p>\n","protected":false},"author":1,"featured_media":167,"parent":0,"menu_order":0,"comment_status":"open","ping_status":"open","template":"","meta":{"_acf_changed":false,"footnotes":""},"class_list":["post-241","page","type-page","status-publish","has-post-thumbnail","hentry"],"acf":[],"yoast_head":"<!-- This site is optimized with the Yoast SEO plugin v25.1 - https:\/\/yoast.com\/wordpress\/plugins\/seo\/ -->\n<title>Request Booking | Pinetrees Riding Centre<\/title>\n<meta name=\"robots\" content=\"index, follow, max-snippet:-1, max-image-preview:large, max-video-preview:-1\" \/>\n<link rel=\"canonical\" href=\"https:\/\/www.pinetrees.pt.algarvecomputercentre.com\/ru\/booking\/\" \/>\n<meta property=\"og:locale\" content=\"de_DE\" \/>\n<meta property=\"og:type\" content=\"article\" \/>\n<meta property=\"og:title\" content=\"Request Booking | Pinetrees Riding Centre\" \/>\n<meta property=\"og:description\" content=\"Leider ist der Eintrag nur auf English verf\u00fcgbar. Der Inhalt wird unten in einer verf\u00fcgbaren Sprache angezeigt. Klicken Sie auf den Link, um die aktuelle Sprache zu \u00e4ndern.Please fill in the form below with the rider&#8217;s details, suggestions, and information. \u2028Requests for bookings by email need to be made a minimum of 48 hours beforehand. [&hellip;]\" \/>\n<meta property=\"og:url\" content=\"https:\/\/www.pinetrees.pt.algarvecomputercentre.com\/ru\/booking\/\" \/>\n<meta property=\"og:site_name\" content=\"Pinetrees Riding Centre\" \/>\n<meta property=\"article:modified_time\" content=\"2024-07-30T17:01:02+00:00\" \/>\n<meta property=\"og:image\" content=\"https:\/\/www.pinetrees.pt.algarvecomputercentre.com\/wp-content\/uploads\/2015\/07\/PinetressRidingCentre-8.jpg\" \/>\n\t<meta property=\"og:image:width\" content=\"1002\" \/>\n\t<meta property=\"og:image:height\" content=\"668\" \/>\n\t<meta property=\"og:image:type\" content=\"image\/jpeg\" \/>\n<meta name=\"twitter:card\" content=\"summary_large_image\" \/>\n<script type=\"application\/ld+json\" class=\"yoast-schema-graph\">{\"@context\":\"https:\/\/schema.org\",\"@graph\":[{\"@type\":\"WebPage\",\"@id\":\"https:\/\/www.pinetrees.pt.algarvecomputercentre.com\/ru\/booking\/\",\"url\":\"https:\/\/www.pinetrees.pt.algarvecomputercentre.com\/ru\/booking\/\",\"name\":\"Request Booking | Pinetrees Riding Centre\",\"isPartOf\":{\"@id\":\"https:\/\/pinetrees.pt\/pt\/#website\"},\"primaryImageOfPage\":{\"@id\":\"https:\/\/www.pinetrees.pt.algarvecomputercentre.com\/ru\/booking\/#primaryimage\"},\"image\":{\"@id\":\"https:\/\/www.pinetrees.pt.algarvecomputercentre.com\/ru\/booking\/#primaryimage\"},\"thumbnailUrl\":\"https:\/\/www.pinetrees.pt.algarvecomputercentre.com\/wp-content\/uploads\/2015\/07\/PinetressRidingCentre-8.jpg\",\"datePublished\":\"2015-07-06T11:14:12+00:00\",\"dateModified\":\"2024-07-30T17:01:02+00:00\",\"breadcrumb\":{\"@id\":\"https:\/\/www.pinetrees.pt.algarvecomputercentre.com\/ru\/booking\/#breadcrumb\"},\"inLanguage\":\"de\",\"potentialAction\":[{\"@type\":\"ReadAction\",\"target\":[\"https:\/\/www.pinetrees.pt.algarvecomputercentre.com\/ru\/booking\/\"]}]},{\"@type\":\"ImageObject\",\"inLanguage\":\"de\",\"@id\":\"https:\/\/www.pinetrees.pt.algarvecomputercentre.com\/ru\/booking\/#primaryimage\",\"url\":\"https:\/\/www.pinetrees.pt.algarvecomputercentre.com\/wp-content\/uploads\/2015\/07\/PinetressRidingCentre-8.jpg\",\"contentUrl\":\"https:\/\/www.pinetrees.pt.algarvecomputercentre.com\/wp-content\/uploads\/2015\/07\/PinetressRidingCentre-8.jpg\",\"width\":1002,\"height\":668},{\"@type\":\"BreadcrumbList\",\"@id\":\"https:\/\/www.pinetrees.pt.algarvecomputercentre.com\/ru\/booking\/#breadcrumb\",\"itemListElement\":[{\"@type\":\"ListItem\",\"position\":1,\"name\":\"Home\",\"item\":\"https:\/\/pinetrees.pt\/pt\/\"},{\"@type\":\"ListItem\",\"position\":2,\"name\":\"Re\"}]},{\"@type\":\"WebSite\",\"@id\":\"https:\/\/pinetrees.pt\/pt\/#website\",\"url\":\"https:\/\/pinetrees.pt\/pt\/\",\"name\":\"Pinetrees Riding Centre\",\"description\":\"Your best riding experience in Algarve\",\"potentialAction\":[{\"@type\":\"SearchAction\",\"target\":{\"@type\":\"EntryPoint\",\"urlTemplate\":\"https:\/\/pinetrees.pt\/pt\/?s={search_term_string}\"},\"query-input\":{\"@type\":\"PropertyValueSpecification\",\"valueRequired\":true,\"valueName\":\"search_term_string\"}}],\"inLanguage\":\"de\"}]}<\/script>\n<!-- \/ Yoast SEO plugin. -->","yoast_head_json":{"title":"Request Booking | Pinetrees Riding Centre","robots":{"index":"index","follow":"follow","max-snippet":"max-snippet:-1","max-image-preview":"max-image-preview:large","max-video-preview":"max-video-preview:-1"},"canonical":"https:\/\/www.pinetrees.pt.algarvecomputercentre.com\/ru\/booking\/","og_locale":"de_DE","og_type":"article","og_title":"Request Booking | Pinetrees Riding Centre","og_description":"Leider ist der Eintrag nur auf English verf\u00fcgbar. Der Inhalt wird unten in einer verf\u00fcgbaren Sprache angezeigt. Klicken Sie auf den Link, um die aktuelle Sprache zu \u00e4ndern.Please fill in the form below with the rider&#8217;s details, suggestions, and information. \u2028Requests for bookings by email need to be made a minimum of 48 hours beforehand. [&hellip;]","og_url":"https:\/\/www.pinetrees.pt.algarvecomputercentre.com\/ru\/booking\/","og_site_name":"Pinetrees Riding Centre","article_modified_time":"2024-07-30T17:01:02+00:00","og_image":[{"width":1002,"height":668,"url":"https:\/\/www.pinetrees.pt.algarvecomputercentre.com\/wp-content\/uploads\/2015\/07\/PinetressRidingCentre-8.jpg","type":"image\/jpeg"}],"twitter_card":"summary_large_image","schema":{"@context":"https:\/\/schema.org","@graph":[{"@type":"WebPage","@id":"https:\/\/www.pinetrees.pt.algarvecomputercentre.com\/ru\/booking\/","url":"https:\/\/www.pinetrees.pt.algarvecomputercentre.com\/ru\/booking\/","name":"Request Booking | Pinetrees Riding Centre","isPartOf":{"@id":"https:\/\/pinetrees.pt\/pt\/#website"},"primaryImageOfPage":{"@id":"https:\/\/www.pinetrees.pt.algarvecomputercentre.com\/ru\/booking\/#primaryimage"},"image":{"@id":"https:\/\/www.pinetrees.pt.algarvecomputercentre.com\/ru\/booking\/#primaryimage"},"thumbnailUrl":"https:\/\/www.pinetrees.pt.algarvecomputercentre.com\/wp-content\/uploads\/2015\/07\/PinetressRidingCentre-8.jpg","datePublished":"2015-07-06T11:14:12+00:00","dateModified":"2024-07-30T17:01:02+00:00","breadcrumb":{"@id":"https:\/\/www.pinetrees.pt.algarvecomputercentre.com\/ru\/booking\/#breadcrumb"},"inLanguage":"de","potentialAction":[{"@type":"ReadAction","target":["https:\/\/www.pinetrees.pt.algarvecomputercentre.com\/ru\/booking\/"]}]},{"@type":"ImageObject","inLanguage":"de","@id":"https:\/\/www.pinetrees.pt.algarvecomputercentre.com\/ru\/booking\/#primaryimage","url":"https:\/\/www.pinetrees.pt.algarvecomputercentre.com\/wp-content\/uploads\/2015\/07\/PinetressRidingCentre-8.jpg","contentUrl":"https:\/\/www.pinetrees.pt.algarvecomputercentre.com\/wp-content\/uploads\/2015\/07\/PinetressRidingCentre-8.jpg","width":1002,"height":668},{"@type":"BreadcrumbList","@id":"https:\/\/www.pinetrees.pt.algarvecomputercentre.com\/ru\/booking\/#breadcrumb","itemListElement":[{"@type":"ListItem","position":1,"name":"Home","item":"https:\/\/pinetrees.pt\/pt\/"},{"@type":"ListItem","position":2,"name":"Re"}]},{"@type":"WebSite","@id":"https:\/\/pinetrees.pt\/pt\/#website","url":"https:\/\/pinetrees.pt\/pt\/","name":"Pinetrees Riding Centre","description":"Your best riding experience in Algarve","potentialAction":[{"@type":"SearchAction","target":{"@type":"EntryPoint","urlTemplate":"https:\/\/pinetrees.pt\/pt\/?s={search_term_string}"},"query-input":{"@type":"PropertyValueSpecification","valueRequired":true,"valueName":"search_term_string"}}],"inLanguage":"de"}]}},"_links":{"self":[{"href":"https:\/\/www.pinetrees.pt.algarvecomputercentre.com\/de\/wp-json\/wp\/v2\/pages\/241","targetHints":{"allow":["GET"]}}],"collection":[{"href":"https:\/\/www.pinetrees.pt.algarvecomputercentre.com\/de\/wp-json\/wp\/v2\/pages"}],"about":[{"href":"https:\/\/www.pinetrees.pt.algarvecomputercentre.com\/de\/wp-json\/wp\/v2\/types\/page"}],"author":[{"embeddable":true,"href":"https:\/\/www.pinetrees.pt.algarvecomputercentre.com\/de\/wp-json\/wp\/v2\/users\/1"}],"replies":[{"embeddable":true,"href":"https:\/\/www.pinetrees.pt.algarvecomputercentre.com\/de\/wp-json\/wp\/v2\/comments?post=241"}],"version-history":[{"count":8,"href":"https:\/\/www.pinetrees.pt.algarvecomputercentre.com\/de\/wp-json\/wp\/v2\/pages\/241\/revisions"}],"predecessor-version":[{"id":18912,"href":"https:\/\/www.pinetrees.pt.algarvecomputercentre.com\/de\/wp-json\/wp\/v2\/pages\/241\/revisions\/18912"}],"wp:featuredmedia":[{"embeddable":true,"href":"https:\/\/www.pinetrees.pt.algarvecomputercentre.com\/de\/wp-json\/wp\/v2\/media\/167"}],"wp:attachment":[{"href":"https:\/\/www.pinetrees.pt.algarvecomputercentre.com\/de\/wp-json\/wp\/v2\/media?parent=241"}],"curies":[{"name":"wp","href":"https:\/\/api.w.org\/{rel}","templated":true}]}}