{"id":7,"date":"2015-06-23T12:49:19","date_gmt":"2015-06-23T12:49:19","guid":{"rendered":"http:\/\/pines.greatcrew.eu\/?page_id=7"},"modified":"2025-06-07T15:15:33","modified_gmt":"2025-06-07T15:15:33","slug":"principal","status":"publish","type":"page","link":"https:\/\/www.pinetrees.pt.algarvecomputercentre.com\/de\/about\/principal\/","title":{"rendered":"Principal"},"content":{"rendered":"<p class=\"qtranxs-available-languages-message qtranxs-available-languages-message-de\">Leider ist der Eintrag nur auf <a href=\"https:\/\/www.pinetrees.pt.algarvecomputercentre.com\/en\/wp-json\/wp\/v2\/pages\/7\" class=\"qtranxs-available-language-link qtranxs-available-language-link-en\" title=\"English\">English<\/a> und <a href=\"https:\/\/www.pinetrees.pt.algarvecomputercentre.com\/ru\/wp-json\/wp\/v2\/pages\/7\" class=\"qtranxs-available-language-link qtranxs-available-language-link-ru\" title=\"\u0420\u0443\u0441\u0441\u043a\u0438\u0439\">\u0420\u0443\u0441\u0441\u043a\u0438\u0439<\/a> verf\u00fcgbar. Der Inhalt wird in der Standard-Sprache dieser Website angezeigt. Sie k\u00f6nnen einen Link anklicken, um zu einer anderen verf\u00fcgbaren Sprache zu wechseln.<\/p><p><\/p>\n\n\n\n<h2 class=\"wp-block-heading\">*B.H.S. Int. Teaching Cert.<\/h2>\n\n\n\n<h2 class=\"wp-block-heading\">*A.B.R.S.Teaching Cert.<\/h2>\n\n\n\n<h2 class=\"wp-block-heading\">*R.D.A. Group&nbsp;Instructor<\/h2>\n\n\n\n<h2 class=\"wp-block-heading\">*First Aid Cert.<\/h2>\n\n\n\n<h2 class=\"wp-block-heading\">*B.H.S Equestrian Tourism Manager<\/h2>\n\n\n<div class=\"wp-block-image\">\n<figure class=\"aligncenter\"><a href=\"https:\/\/pinetrees.pt\/wp-content\/uploads\/2015\/06\/Beverley_Gibbons_pinetrees_proncipal.jpg\"><img loading=\"lazy\" decoding=\"async\" width=\"300\" height=\"287\" src=\"https:\/\/pinetrees.pt\/wp-content\/uploads\/2015\/06\/Beverley_Gibbons_pinetrees_proncipal-300x287.jpg\" alt=\"\" class=\"wp-image-499\" srcset=\"https:\/\/www.pinetrees.pt.algarvecomputercentre.com\/wp-content\/uploads\/2015\/06\/Beverley_Gibbons_pinetrees_proncipal-300x287.jpg 300w, https:\/\/www.pinetrees.pt.algarvecomputercentre.com\/wp-content\/uploads\/2015\/06\/Beverley_Gibbons_pinetrees_proncipal.jpg 816w\" sizes=\"auto, (max-width: 300px) 100vw, 300px\" \/><\/a><\/figure><\/div>\n\n\n<p><\/p>\n\n\n\n<p>I started Pinetrees in 1985, at our family villa where we have lived since 1972. All my life I have been involved with tourism and horses so this career was a natural move for me.<\/p>\n\n\n\n<p>My principal professional training was at the prestigious&nbsp;<a href=\"http:\/\/www.talland.net\">Talland School<\/a> of Equitation where I gained the British Horse Society Intermediate Teaching Certificate. Later I achieved the B.H.S. Equestrian Tourism Centre Manager diploma and qualifications in riding for&nbsp;disabled riders&nbsp;&#8211; something which I particularly have a passion for.<\/p>\n\n\n\n<p>I do enjoy teaching with the wonderful Lusitano horses and I have been greatly influenced by training with the late <strong>Nuno Oliveira<\/strong> and also by the methods of <strong>Sylvia Loch<\/strong> in classical equitation. Working with so many different nationalities at Pinetrees, I can teach in half a dozen languages.<\/p>\n\n\n\n<p>Some years ago I was influential in the introduction of ParaDressage into Portugal and as a result, I &nbsp;was <em>Chef de Equipe<\/em> for 4 years until Athens.<\/p>\n\n\n\n<p><em>When<\/em> I have free time I enjoy studying family history.<\/p>","protected":false},"excerpt":{"rendered":"<p>Leider ist der Eintrag nur auf English und \u0420\u0443\u0441\u0441\u043a\u0438\u0439 verf\u00fcgbar. Der Inhalt wird in der Standard-Sprache dieser Website angezeigt. Sie k\u00f6nnen einen Link anklicken, um zu einer anderen verf\u00fcgbaren Sprache zu wechseln. *B.H.S. Int. Teaching Cert. *A.B.R.S.Teaching Cert. *R.D.A. Group&nbsp;Instructor *First Aid Cert. *B.H.S Equestrian Tourism Manager I started Pinetrees in 1985, at our family [&hellip;]<\/p>\n","protected":false},"author":1,"featured_media":161,"parent":34,"menu_order":1,"comment_status":"open","ping_status":"open","template":"","meta":{"_acf_changed":false,"footnotes":""},"class_list":["post-7","page","type-page","status-publish","has-post-thumbnail","hentry"],"acf":[],"yoast_head":"<!-- This site is optimized with the Yoast SEO plugin v25.1 - https:\/\/yoast.com\/wordpress\/plugins\/seo\/ -->\n<title>Principal | Pinetrees Riding Centre<\/title>\n<meta name=\"robots\" content=\"index, follow, max-snippet:-1, max-image-preview:large, max-video-preview:-1\" \/>\n<link rel=\"canonical\" href=\"https:\/\/www.pinetrees.pt\/ru\/about\/principal\/\" \/>\n<meta property=\"og:locale\" content=\"de_DE\" \/>\n<meta property=\"og:type\" content=\"article\" \/>\n<meta property=\"og:title\" content=\"Principal | Pinetrees Riding Centre\" \/>\n<meta property=\"og:description\" content=\"Leider ist der Eintrag nur auf English und \u0420\u0443\u0441\u0441\u043a\u0438\u0439 verf\u00fcgbar. Der Inhalt wird in der Standard-Sprache dieser Website angezeigt. Sie k\u00f6nnen einen Link anklicken, um zu einer anderen verf\u00fcgbaren Sprache zu wechseln. *B.H.S. Int. Teaching Cert. *A.B.R.S.Teaching Cert. *R.D.A. Group&nbsp;Instructor *First Aid Cert. *B.H.S Equestrian Tourism Manager I started Pinetrees in 1985, at our family [&hellip;]\" \/>\n<meta property=\"og:url\" content=\"https:\/\/www.pinetrees.pt\/ru\/about\/principal\/\" \/>\n<meta property=\"og:site_name\" content=\"Pinetrees Riding Centre\" \/>\n<meta property=\"article:modified_time\" content=\"2025-06-07T15:15:33+00:00\" \/>\n<meta property=\"og:image\" content=\"https:\/\/www.pinetrees.pt\/wp-content\/uploads\/2015\/07\/PinetressRidingCentre-House-Cover.jpg\" \/>\n\t<meta property=\"og:image:width\" content=\"1800\" \/>\n\t<meta property=\"og:image:height\" content=\"800\" \/>\n\t<meta property=\"og:image:type\" content=\"image\/jpeg\" \/>\n<meta name=\"twitter:card\" content=\"summary_large_image\" \/>\n<meta name=\"twitter:label1\" content=\"Gesch\u00e4tzte Lesezeit\" \/>\n\t<meta name=\"twitter:data1\" content=\"2\u00a0Minuten\" \/>\n<script type=\"application\/ld+json\" class=\"yoast-schema-graph\">{\"@context\":\"https:\/\/schema.org\",\"@graph\":[{\"@type\":\"WebPage\",\"@id\":\"https:\/\/www.pinetrees.pt\/ru\/about\/principal\/\",\"url\":\"https:\/\/www.pinetrees.pt\/ru\/about\/principal\/\",\"name\":\"Principal | Pinetrees Riding Centre\",\"isPartOf\":{\"@id\":\"https:\/\/pinetrees.pt\/pt\/#website\"},\"primaryImageOfPage\":{\"@id\":\"https:\/\/www.pinetrees.pt\/ru\/about\/principal\/#primaryimage\"},\"image\":{\"@id\":\"https:\/\/www.pinetrees.pt\/ru\/about\/principal\/#primaryimage\"},\"thumbnailUrl\":\"https:\/\/www.pinetrees.pt.algarvecomputercentre.com\/wp-content\/uploads\/2015\/07\/PinetressRidingCentre-House-Cover.jpg\",\"datePublished\":\"2015-06-23T12:49:19+00:00\",\"dateModified\":\"2025-06-07T15:15:33+00:00\",\"breadcrumb\":{\"@id\":\"https:\/\/www.pinetrees.pt\/ru\/about\/principal\/#breadcrumb\"},\"inLanguage\":\"de\",\"potentialAction\":[{\"@type\":\"ReadAction\",\"target\":[\"https:\/\/www.pinetrees.pt\/ru\/about\/principal\/\"]}]},{\"@type\":\"ImageObject\",\"inLanguage\":\"de\",\"@id\":\"https:\/\/www.pinetrees.pt\/ru\/about\/principal\/#primaryimage\",\"url\":\"https:\/\/www.pinetrees.pt.algarvecomputercentre.com\/wp-content\/uploads\/2015\/07\/PinetressRidingCentre-House-Cover.jpg\",\"contentUrl\":\"https:\/\/www.pinetrees.pt.algarvecomputercentre.com\/wp-content\/uploads\/2015\/07\/PinetressRidingCentre-House-Cover.jpg\",\"width\":1800,\"height\":800},{\"@type\":\"BreadcrumbList\",\"@id\":\"https:\/\/www.pinetrees.pt\/ru\/about\/principal\/#breadcrumb\",\"itemListElement\":[{\"@type\":\"ListItem\",\"position\":1,\"name\":\"Home\",\"item\":\"https:\/\/pinetrees.pt\/pt\/\"},{\"@type\":\"ListItem\",\"position\":2,\"name\":\"About the horse riding centre\",\"item\":\"https:\/\/www.pinetrees.pt\/ru\/about\/\"},{\"@type\":\"ListItem\",\"position\":3,\"name\":\"The Principal\"}]},{\"@type\":\"WebSite\",\"@id\":\"https:\/\/pinetrees.pt\/pt\/#website\",\"url\":\"https:\/\/pinetrees.pt\/pt\/\",\"name\":\"Pinetrees Riding Centre\",\"description\":\"Your best riding experience in Algarve\",\"potentialAction\":[{\"@type\":\"SearchAction\",\"target\":{\"@type\":\"EntryPoint\",\"urlTemplate\":\"https:\/\/pinetrees.pt\/pt\/?s={search_term_string}\"},\"query-input\":{\"@type\":\"PropertyValueSpecification\",\"valueRequired\":true,\"valueName\":\"search_term_string\"}}],\"inLanguage\":\"de\"}]}<\/script>\n<!-- \/ Yoast SEO plugin. -->","yoast_head_json":{"title":"Principal | Pinetrees Riding Centre","robots":{"index":"index","follow":"follow","max-snippet":"max-snippet:-1","max-image-preview":"max-image-preview:large","max-video-preview":"max-video-preview:-1"},"canonical":"https:\/\/www.pinetrees.pt\/ru\/about\/principal\/","og_locale":"de_DE","og_type":"article","og_title":"Principal | Pinetrees Riding Centre","og_description":"Leider ist der Eintrag nur auf English und \u0420\u0443\u0441\u0441\u043a\u0438\u0439 verf\u00fcgbar. Der Inhalt wird in der Standard-Sprache dieser Website angezeigt. Sie k\u00f6nnen einen Link anklicken, um zu einer anderen verf\u00fcgbaren Sprache zu wechseln. *B.H.S. Int. Teaching Cert. *A.B.R.S.Teaching Cert. *R.D.A. Group&nbsp;Instructor *First Aid Cert. *B.H.S Equestrian Tourism Manager I started Pinetrees in 1985, at our family [&hellip;]","og_url":"https:\/\/www.pinetrees.pt\/ru\/about\/principal\/","og_site_name":"Pinetrees Riding Centre","article_modified_time":"2025-06-07T15:15:33+00:00","og_image":[{"width":1800,"height":800,"url":"https:\/\/www.pinetrees.pt\/wp-content\/uploads\/2015\/07\/PinetressRidingCentre-House-Cover.jpg","type":"image\/jpeg"}],"twitter_card":"summary_large_image","twitter_misc":{"Gesch\u00e4tzte Lesezeit":"2\u00a0Minuten"},"schema":{"@context":"https:\/\/schema.org","@graph":[{"@type":"WebPage","@id":"https:\/\/www.pinetrees.pt\/ru\/about\/principal\/","url":"https:\/\/www.pinetrees.pt\/ru\/about\/principal\/","name":"Principal | Pinetrees Riding Centre","isPartOf":{"@id":"https:\/\/pinetrees.pt\/pt\/#website"},"primaryImageOfPage":{"@id":"https:\/\/www.pinetrees.pt\/ru\/about\/principal\/#primaryimage"},"image":{"@id":"https:\/\/www.pinetrees.pt\/ru\/about\/principal\/#primaryimage"},"thumbnailUrl":"https:\/\/www.pinetrees.pt.algarvecomputercentre.com\/wp-content\/uploads\/2015\/07\/PinetressRidingCentre-House-Cover.jpg","datePublished":"2015-06-23T12:49:19+00:00","dateModified":"2025-06-07T15:15:33+00:00","breadcrumb":{"@id":"https:\/\/www.pinetrees.pt\/ru\/about\/principal\/#breadcrumb"},"inLanguage":"de","potentialAction":[{"@type":"ReadAction","target":["https:\/\/www.pinetrees.pt\/ru\/about\/principal\/"]}]},{"@type":"ImageObject","inLanguage":"de","@id":"https:\/\/www.pinetrees.pt\/ru\/about\/principal\/#primaryimage","url":"https:\/\/www.pinetrees.pt.algarvecomputercentre.com\/wp-content\/uploads\/2015\/07\/PinetressRidingCentre-House-Cover.jpg","contentUrl":"https:\/\/www.pinetrees.pt.algarvecomputercentre.com\/wp-content\/uploads\/2015\/07\/PinetressRidingCentre-House-Cover.jpg","width":1800,"height":800},{"@type":"BreadcrumbList","@id":"https:\/\/www.pinetrees.pt\/ru\/about\/principal\/#breadcrumb","itemListElement":[{"@type":"ListItem","position":1,"name":"Home","item":"https:\/\/pinetrees.pt\/pt\/"},{"@type":"ListItem","position":2,"name":"About the horse riding centre","item":"https:\/\/www.pinetrees.pt\/ru\/about\/"},{"@type":"ListItem","position":3,"name":"The Principal"}]},{"@type":"WebSite","@id":"https:\/\/pinetrees.pt\/pt\/#website","url":"https:\/\/pinetrees.pt\/pt\/","name":"Pinetrees Riding Centre","description":"Your best riding experience in Algarve","potentialAction":[{"@type":"SearchAction","target":{"@type":"EntryPoint","urlTemplate":"https:\/\/pinetrees.pt\/pt\/?s={search_term_string}"},"query-input":{"@type":"PropertyValueSpecification","valueRequired":true,"valueName":"search_term_string"}}],"inLanguage":"de"}]}},"_links":{"self":[{"href":"https:\/\/www.pinetrees.pt.algarvecomputercentre.com\/de\/wp-json\/wp\/v2\/pages\/7","targetHints":{"allow":["GET"]}}],"collection":[{"href":"https:\/\/www.pinetrees.pt.algarvecomputercentre.com\/de\/wp-json\/wp\/v2\/pages"}],"about":[{"href":"https:\/\/www.pinetrees.pt.algarvecomputercentre.com\/de\/wp-json\/wp\/v2\/types\/page"}],"author":[{"embeddable":true,"href":"https:\/\/www.pinetrees.pt.algarvecomputercentre.com\/de\/wp-json\/wp\/v2\/users\/1"}],"replies":[{"embeddable":true,"href":"https:\/\/www.pinetrees.pt.algarvecomputercentre.com\/de\/wp-json\/wp\/v2\/comments?post=7"}],"version-history":[{"count":37,"href":"https:\/\/www.pinetrees.pt.algarvecomputercentre.com\/de\/wp-json\/wp\/v2\/pages\/7\/revisions"}],"predecessor-version":[{"id":19750,"href":"https:\/\/www.pinetrees.pt.algarvecomputercentre.com\/de\/wp-json\/wp\/v2\/pages\/7\/revisions\/19750"}],"up":[{"embeddable":true,"href":"https:\/\/www.pinetrees.pt.algarvecomputercentre.com\/de\/wp-json\/wp\/v2\/pages\/34"}],"wp:featuredmedia":[{"embeddable":true,"href":"https:\/\/www.pinetrees.pt.algarvecomputercentre.com\/de\/wp-json\/wp\/v2\/media\/161"}],"wp:attachment":[{"href":"https:\/\/www.pinetrees.pt.algarvecomputercentre.com\/de\/wp-json\/wp\/v2\/media?parent=7"}],"curies":[{"name":"wp","href":"https:\/\/api.w.org\/{rel}","templated":true}]}}