{"id":19,"date":"2015-06-23T13:02:11","date_gmt":"2015-06-23T13:02:11","guid":{"rendered":"http:\/\/pines.greatcrew.eu\/?page_id=19"},"modified":"2022-11-18T18:49:15","modified_gmt":"2022-11-18T18:49:15","slug":"volunteering","status":"publish","type":"page","link":"https:\/\/www.pinetrees.pt.algarvecomputercentre.com\/pt\/about\/volunteering\/","title":{"rendered":"Work"},"content":{"rendered":"<p class=\"qtranxs-available-languages-message qtranxs-available-languages-message-pt\">Desculpe, este conte\u00fado s\u00f3 est\u00e1 dispon\u00edvel em <a href=\"https:\/\/www.pinetrees.pt.algarvecomputercentre.com\/en\/wp-json\/wp\/v2\/pages\/19\" class=\"qtranxs-available-language-link qtranxs-available-language-link-en\" title=\"English\">English<\/a> e <a href=\"https:\/\/www.pinetrees.pt.algarvecomputercentre.com\/ru\/wp-json\/wp\/v2\/pages\/19\" class=\"qtranxs-available-language-link qtranxs-available-language-link-ru\" title=\"\u0420\u0443\u0441\u0441\u043a\u0438\u0439\">\u0420\u0443\u0441\u0441\u043a\u0438\u0439<\/a>. Por uma quest\u00e3o de conveni\u00eancia para o utilizador, o conte\u00fado \u00e9 mostrado abaixo no idioma por omiss\u00e3o para este site. Pode clicar numa das liga\u00e7\u00f5es para mudar o site para outro idioma dispon\u00edvel.<\/p><p><\/p>\n<div class=\"slider\"><img loading=\"lazy\" decoding=\"async\" width=\"960\" height=\"809\" src=\"https:\/\/www.pinetrees.pt.algarvecomputercentre.com\/wp-content\/uploads\/2015\/06\/chelsea-20140817_182558_resized_1-960x809.jpg\" class=\"attachment-big_photo size-big_photo\" alt=\"\" srcset=\"https:\/\/www.pinetrees.pt.algarvecomputercentre.com\/wp-content\/uploads\/2015\/06\/chelsea-20140817_182558_resized_1-960x809.jpg 960w, https:\/\/www.pinetrees.pt.algarvecomputercentre.com\/wp-content\/uploads\/2015\/06\/chelsea-20140817_182558_resized_1-300x253.jpg 300w, https:\/\/www.pinetrees.pt.algarvecomputercentre.com\/wp-content\/uploads\/2015\/06\/chelsea-20140817_182558_resized_1-1280x1079.jpg 1280w, https:\/\/www.pinetrees.pt.algarvecomputercentre.com\/wp-content\/uploads\/2015\/06\/chelsea-20140817_182558_resized_1.jpg 1600w\" sizes=\"auto, (max-width: 960px) 100vw, 960px\" \/><img loading=\"lazy\" decoding=\"async\" width=\"722\" height=\"960\" src=\"https:\/\/www.pinetrees.pt.algarvecomputercentre.com\/wp-content\/uploads\/2015\/06\/news.alex_-722x960.jpg\" class=\"attachment-big_photo size-big_photo\" alt=\"\" srcset=\"https:\/\/www.pinetrees.pt.algarvecomputercentre.com\/wp-content\/uploads\/2015\/06\/news.alex_-722x960.jpg 722w, https:\/\/www.pinetrees.pt.algarvecomputercentre.com\/wp-content\/uploads\/2015\/06\/news.alex_-226x300.jpg 226w, https:\/\/www.pinetrees.pt.algarvecomputercentre.com\/wp-content\/uploads\/2015\/06\/news.alex_-963x1280.jpg 963w, https:\/\/www.pinetrees.pt.algarvecomputercentre.com\/wp-content\/uploads\/2015\/06\/news.alex_.jpg 1600w\" sizes=\"auto, (max-width: 722px) 100vw, 722px\" \/><img loading=\"lazy\" decoding=\"async\" width=\"720\" height=\"960\" src=\"https:\/\/www.pinetrees.pt.algarvecomputercentre.com\/wp-content\/uploads\/2015\/06\/IMG_2790-720x960.jpg\" class=\"attachment-big_photo size-big_photo\" alt=\"\" srcset=\"https:\/\/www.pinetrees.pt.algarvecomputercentre.com\/wp-content\/uploads\/2015\/06\/IMG_2790-720x960.jpg 720w, https:\/\/www.pinetrees.pt.algarvecomputercentre.com\/wp-content\/uploads\/2015\/06\/IMG_2790-225x300.jpg 225w, https:\/\/www.pinetrees.pt.algarvecomputercentre.com\/wp-content\/uploads\/2015\/06\/IMG_2790-960x1280.jpg 960w, https:\/\/www.pinetrees.pt.algarvecomputercentre.com\/wp-content\/uploads\/2015\/06\/IMG_2790.jpg 1600w\" sizes=\"auto, (max-width: 720px) 100vw, 720px\" \/><img loading=\"lazy\" decoding=\"async\" width=\"623\" height=\"960\" src=\"https:\/\/www.pinetrees.pt.algarvecomputercentre.com\/wp-content\/uploads\/2015\/06\/Ilonka-from-Barnveld-College-Holland-623x960.jpg\" class=\"attachment-big_photo size-big_photo\" alt=\"\" srcset=\"https:\/\/www.pinetrees.pt.algarvecomputercentre.com\/wp-content\/uploads\/2015\/06\/Ilonka-from-Barnveld-College-Holland-623x960.jpg 623w, https:\/\/www.pinetrees.pt.algarvecomputercentre.com\/wp-content\/uploads\/2015\/06\/Ilonka-from-Barnveld-College-Holland-195x300.jpg 195w, https:\/\/www.pinetrees.pt.algarvecomputercentre.com\/wp-content\/uploads\/2015\/06\/Ilonka-from-Barnveld-College-Holland-831x1280.jpg 831w, https:\/\/www.pinetrees.pt.algarvecomputercentre.com\/wp-content\/uploads\/2015\/06\/Ilonka-from-Barnveld-College-Holland.jpg 1600w\" sizes=\"auto, (max-width: 623px) 100vw, 623px\" \/><img loading=\"lazy\" decoding=\"async\" width=\"640\" height=\"960\" src=\"https:\/\/www.pinetrees.pt.algarvecomputercentre.com\/wp-content\/uploads\/2015\/06\/DSC_0198-640x960.jpg\" class=\"attachment-big_photo size-big_photo\" alt=\"\" srcset=\"https:\/\/www.pinetrees.pt.algarvecomputercentre.com\/wp-content\/uploads\/2015\/06\/DSC_0198-640x960.jpg 640w, https:\/\/www.pinetrees.pt.algarvecomputercentre.com\/wp-content\/uploads\/2015\/06\/DSC_0198-200x300.jpg 200w, https:\/\/www.pinetrees.pt.algarvecomputercentre.com\/wp-content\/uploads\/2015\/06\/DSC_0198-853x1280.jpg 853w, https:\/\/www.pinetrees.pt.algarvecomputercentre.com\/wp-content\/uploads\/2015\/06\/DSC_0198.jpg 1600w\" sizes=\"auto, (max-width: 640px) 100vw, 640px\" \/><img loading=\"lazy\" decoding=\"async\" width=\"960\" height=\"722\" src=\"https:\/\/www.pinetrees.pt.algarvecomputercentre.com\/wp-content\/uploads\/2015\/06\/141-960x722.jpg\" class=\"attachment-big_photo size-big_photo\" alt=\"\" srcset=\"https:\/\/www.pinetrees.pt.algarvecomputercentre.com\/wp-content\/uploads\/2015\/06\/141-960x722.jpg 960w, https:\/\/www.pinetrees.pt.algarvecomputercentre.com\/wp-content\/uploads\/2015\/06\/141-300x226.jpg 300w, https:\/\/www.pinetrees.pt.algarvecomputercentre.com\/wp-content\/uploads\/2015\/06\/141-1280x962.jpg 1280w, https:\/\/www.pinetrees.pt.algarvecomputercentre.com\/wp-content\/uploads\/2015\/06\/141.jpg 1600w\" sizes=\"auto, (max-width: 960px) 100vw, 960px\" \/><img loading=\"lazy\" decoding=\"async\" width=\"722\" height=\"960\" src=\"https:\/\/www.pinetrees.pt.algarvecomputercentre.com\/wp-content\/uploads\/2015\/06\/009-722x960.jpg\" class=\"attachment-big_photo size-big_photo\" alt=\"\" srcset=\"https:\/\/www.pinetrees.pt.algarvecomputercentre.com\/wp-content\/uploads\/2015\/06\/009-722x960.jpg 722w, https:\/\/www.pinetrees.pt.algarvecomputercentre.com\/wp-content\/uploads\/2015\/06\/009-226x300.jpg 226w, https:\/\/www.pinetrees.pt.algarvecomputercentre.com\/wp-content\/uploads\/2015\/06\/009-963x1280.jpg 963w, https:\/\/www.pinetrees.pt.algarvecomputercentre.com\/wp-content\/uploads\/2015\/06\/009.jpg 1600w\" sizes=\"auto, (max-width: 722px) 100vw, 722px\" \/><img loading=\"lazy\" decoding=\"async\" width=\"868\" height=\"960\" src=\"https:\/\/www.pinetrees.pt.algarvecomputercentre.com\/wp-content\/uploads\/2015\/06\/11237569_627145204089657_5032835627165810499_n-868x960.jpg\" class=\"attachment-big_photo size-big_photo\" alt=\"\" srcset=\"https:\/\/www.pinetrees.pt.algarvecomputercentre.com\/wp-content\/uploads\/2015\/06\/11237569_627145204089657_5032835627165810499_n.jpg 868w, https:\/\/www.pinetrees.pt.algarvecomputercentre.com\/wp-content\/uploads\/2015\/06\/11237569_627145204089657_5032835627165810499_n-271x300.jpg 271w\" sizes=\"auto, (max-width: 868px) 100vw, 868px\" \/><\/div>\n\n<h2><\/h2>\n<h1 style=\"text-align: center;\"><\/h1>\n<h2><\/h2>\n<h2><\/h2>\n<h2><span id=\"LinkTarget_82\" class=\"style18\"><strong>WORK EXPERIENCE FOR STUDENTS<\/strong><\/span><\/h2>\n<p style=\"text-align: left;\">Pinetrees Riding Centre offers students, from the age of 16 years old, the opportunity to live and work in Portugal while developing their equestrian skills perhaps with a specialization in either therapeutic riding or equestrian tourism, and, possibly, learning a new language. They learn to work in an international environment and give good customer service.<\/p>\n<p>Students live in the villa, with all meals provided, and enjoy riding daily. The work is physical and is suitable for those with practical experience in caring for horses, and confident in all three paces. Training is given and work is carried out under supervision and with a strong emphasis on safety for the student, horses and others. There is a happy work atmosphere and students learn to be team players and adapt to changing conditions.<\/p>\n<p>Students work 5 days week, with two days off. The minimum period is one month.<\/p>\n<p>Applicants should contact <span class=\"style21\">bevpinetrees@gmail.com<\/span> with their CV, details of their riding experience, \u00a0dates available, languages, height and weight. Include a head and shoulders pic and an &#8220;action shot&#8221; on a horse.<\/p>\n<p>Priority is given to career students training on equestrian courses at colleges. Pinetrees works with Scottish Borders College, Groenhorst College Netherlands, and\u00a0colleges in Portugal.<\/p>\n<p>However, young students sometimes need time to grow whilst deciding on a career path and a work experience in Portugal may just give them a clearer view to their path ahead.<\/p>\n<h3><\/h3>\n<h3><strong>Charity \u2013 Volunteer<\/strong><\/h3>\n<p>The riding centre works with the APPC \u2013 Associa\u00e7\u00e3o Portuguesa de Paralesia Cerebral. This Association, established over 40 years ago, supplies therapeutic riding and hippotherapy to local children and young adults with physical impairment and\/or learning difficulties who may benefit from contact with the horse. The programme starts in October and finishes at the end of May and would not be possible without the help of many volunteers. Training is given at the beginning of the scholastic year ( September).<\/p>\n<h3><\/h3>\n<h3><\/h3>\n<h3><strong>Employment<\/strong><\/h3>\n<p>If you are looking for employment Pinetrees may have a vacancy! If not, we can send your CV around on our mailing lists to Riding Centres in Portugal, and we hope you will find what you are looking for.<\/p>","protected":false},"excerpt":{"rendered":"<p>Desculpe, este conte\u00fado s\u00f3 est\u00e1 dispon\u00edvel em English e \u0420\u0443\u0441\u0441\u043a\u0438\u0439. Por uma quest\u00e3o de conveni\u00eancia para o utilizador, o conte\u00fado \u00e9 mostrado abaixo no idioma por omiss\u00e3o para este site. Pode clicar numa das liga\u00e7\u00f5es para mudar o site para outro idioma dispon\u00edvel. WORK EXPERIENCE FOR STUDENTS Pinetrees Riding Centre offers students, from the age [&hellip;]<\/p>\n","protected":false},"author":1,"featured_media":73,"parent":34,"menu_order":6,"comment_status":"open","ping_status":"open","template":"","meta":{"_acf_changed":false,"footnotes":""},"class_list":["post-19","page","type-page","status-publish","has-post-thumbnail","hentry"],"acf":[],"yoast_head":"<!-- This site is optimized with the Yoast SEO plugin v25.1 - https:\/\/yoast.com\/wordpress\/plugins\/seo\/ -->\n<title>Work | Pinetrees Riding Centre<\/title>\n<meta name=\"robots\" content=\"index, follow, max-snippet:-1, max-image-preview:large, max-video-preview:-1\" \/>\n<link rel=\"canonical\" href=\"https:\/\/www.pinetrees.pt.algarvecomputercentre.com\/pt\/about\/volunteering\/\" \/>\n<meta property=\"og:locale\" content=\"pt_PT\" \/>\n<meta property=\"og:type\" content=\"article\" \/>\n<meta property=\"og:title\" content=\"Work | Pinetrees Riding Centre\" \/>\n<meta property=\"og:description\" content=\"Desculpe, este conte\u00fado s\u00f3 est\u00e1 dispon\u00edvel em English e \u0420\u0443\u0441\u0441\u043a\u0438\u0439. Por uma quest\u00e3o de conveni\u00eancia para o utilizador, o conte\u00fado \u00e9 mostrado abaixo no idioma por omiss\u00e3o para este site. Pode clicar numa das liga\u00e7\u00f5es para mudar o site para outro idioma dispon\u00edvel. WORK EXPERIENCE FOR STUDENTS Pinetrees Riding Centre offers students, from the age [&hellip;]\" \/>\n<meta property=\"og:url\" content=\"https:\/\/www.pinetrees.pt.algarvecomputercentre.com\/pt\/about\/volunteering\/\" \/>\n<meta property=\"og:site_name\" content=\"Pinetrees Riding Centre\" \/>\n<meta property=\"article:modified_time\" content=\"2022-11-18T18:49:15+00:00\" \/>\n<meta property=\"og:image\" content=\"https:\/\/www.pinetrees.pt.algarvecomputercentre.com\/wp-content\/uploads\/2015\/06\/Entrance1.jpg\" \/>\n\t<meta property=\"og:image:width\" content=\"2242\" \/>\n\t<meta property=\"og:image:height\" content=\"1494\" \/>\n\t<meta property=\"og:image:type\" content=\"image\/jpeg\" \/>\n<meta name=\"twitter:card\" content=\"summary_large_image\" \/>\n<meta name=\"twitter:label1\" content=\"Tempo estimado de leitura\" \/>\n\t<meta name=\"twitter:data1\" content=\"3 minutos\" \/>\n<script type=\"application\/ld+json\" class=\"yoast-schema-graph\">{\"@context\":\"https:\/\/schema.org\",\"@graph\":[{\"@type\":\"WebPage\",\"@id\":\"https:\/\/www.pinetrees.pt.algarvecomputercentre.com\/pt\/about\/volunteering\/\",\"url\":\"https:\/\/www.pinetrees.pt.algarvecomputercentre.com\/pt\/about\/volunteering\/\",\"name\":\"Work | Pinetrees Riding Centre\",\"isPartOf\":{\"@id\":\"https:\/\/pinetrees.pt\/pt\/#website\"},\"primaryImageOfPage\":{\"@id\":\"https:\/\/www.pinetrees.pt.algarvecomputercentre.com\/pt\/about\/volunteering\/#primaryimage\"},\"image\":{\"@id\":\"https:\/\/www.pinetrees.pt.algarvecomputercentre.com\/pt\/about\/volunteering\/#primaryimage\"},\"thumbnailUrl\":\"https:\/\/www.pinetrees.pt.algarvecomputercentre.com\/wp-content\/uploads\/2015\/06\/Entrance1.jpg\",\"datePublished\":\"2015-06-23T13:02:11+00:00\",\"dateModified\":\"2022-11-18T18:49:15+00:00\",\"breadcrumb\":{\"@id\":\"https:\/\/www.pinetrees.pt.algarvecomputercentre.com\/pt\/about\/volunteering\/#breadcrumb\"},\"inLanguage\":\"pt-PT\",\"potentialAction\":[{\"@type\":\"ReadAction\",\"target\":[\"https:\/\/www.pinetrees.pt.algarvecomputercentre.com\/pt\/about\/volunteering\/\"]}]},{\"@type\":\"ImageObject\",\"inLanguage\":\"pt-PT\",\"@id\":\"https:\/\/www.pinetrees.pt.algarvecomputercentre.com\/pt\/about\/volunteering\/#primaryimage\",\"url\":\"https:\/\/www.pinetrees.pt.algarvecomputercentre.com\/wp-content\/uploads\/2015\/06\/Entrance1.jpg\",\"contentUrl\":\"https:\/\/www.pinetrees.pt.algarvecomputercentre.com\/wp-content\/uploads\/2015\/06\/Entrance1.jpg\",\"width\":2242,\"height\":1494},{\"@type\":\"BreadcrumbList\",\"@id\":\"https:\/\/www.pinetrees.pt.algarvecomputercentre.com\/pt\/about\/volunteering\/#breadcrumb\",\"itemListElement\":[{\"@type\":\"ListItem\",\"position\":1,\"name\":\"Home\",\"item\":\"https:\/\/pinetrees.pt\/pt\/\"},{\"@type\":\"ListItem\",\"position\":2,\"name\":\"About the horse riding centre\",\"item\":\"https:\/\/pinetrees.pt\/pt\/about\/\"},{\"@type\":\"ListItem\",\"position\":3,\"name\":\"Work\"}]},{\"@type\":\"WebSite\",\"@id\":\"https:\/\/pinetrees.pt\/pt\/#website\",\"url\":\"https:\/\/pinetrees.pt\/pt\/\",\"name\":\"Pinetrees Riding Centre\",\"description\":\"Your best riding experience in Algarve\",\"potentialAction\":[{\"@type\":\"SearchAction\",\"target\":{\"@type\":\"EntryPoint\",\"urlTemplate\":\"https:\/\/pinetrees.pt\/pt\/?s={search_term_string}\"},\"query-input\":{\"@type\":\"PropertyValueSpecification\",\"valueRequired\":true,\"valueName\":\"search_term_string\"}}],\"inLanguage\":\"pt-PT\"}]}<\/script>\n<!-- \/ Yoast SEO plugin. -->","yoast_head_json":{"title":"Work | Pinetrees Riding Centre","robots":{"index":"index","follow":"follow","max-snippet":"max-snippet:-1","max-image-preview":"max-image-preview:large","max-video-preview":"max-video-preview:-1"},"canonical":"https:\/\/www.pinetrees.pt.algarvecomputercentre.com\/pt\/about\/volunteering\/","og_locale":"pt_PT","og_type":"article","og_title":"Work | Pinetrees Riding Centre","og_description":"Desculpe, este conte\u00fado s\u00f3 est\u00e1 dispon\u00edvel em English e \u0420\u0443\u0441\u0441\u043a\u0438\u0439. Por uma quest\u00e3o de conveni\u00eancia para o utilizador, o conte\u00fado \u00e9 mostrado abaixo no idioma por omiss\u00e3o para este site. Pode clicar numa das liga\u00e7\u00f5es para mudar o site para outro idioma dispon\u00edvel. WORK EXPERIENCE FOR STUDENTS Pinetrees Riding Centre offers students, from the age [&hellip;]","og_url":"https:\/\/www.pinetrees.pt.algarvecomputercentre.com\/pt\/about\/volunteering\/","og_site_name":"Pinetrees Riding Centre","article_modified_time":"2022-11-18T18:49:15+00:00","og_image":[{"width":2242,"height":1494,"url":"https:\/\/www.pinetrees.pt.algarvecomputercentre.com\/wp-content\/uploads\/2015\/06\/Entrance1.jpg","type":"image\/jpeg"}],"twitter_card":"summary_large_image","twitter_misc":{"Tempo estimado de leitura":"3 minutos"},"schema":{"@context":"https:\/\/schema.org","@graph":[{"@type":"WebPage","@id":"https:\/\/www.pinetrees.pt.algarvecomputercentre.com\/pt\/about\/volunteering\/","url":"https:\/\/www.pinetrees.pt.algarvecomputercentre.com\/pt\/about\/volunteering\/","name":"Work | Pinetrees Riding Centre","isPartOf":{"@id":"https:\/\/pinetrees.pt\/pt\/#website"},"primaryImageOfPage":{"@id":"https:\/\/www.pinetrees.pt.algarvecomputercentre.com\/pt\/about\/volunteering\/#primaryimage"},"image":{"@id":"https:\/\/www.pinetrees.pt.algarvecomputercentre.com\/pt\/about\/volunteering\/#primaryimage"},"thumbnailUrl":"https:\/\/www.pinetrees.pt.algarvecomputercentre.com\/wp-content\/uploads\/2015\/06\/Entrance1.jpg","datePublished":"2015-06-23T13:02:11+00:00","dateModified":"2022-11-18T18:49:15+00:00","breadcrumb":{"@id":"https:\/\/www.pinetrees.pt.algarvecomputercentre.com\/pt\/about\/volunteering\/#breadcrumb"},"inLanguage":"pt-PT","potentialAction":[{"@type":"ReadAction","target":["https:\/\/www.pinetrees.pt.algarvecomputercentre.com\/pt\/about\/volunteering\/"]}]},{"@type":"ImageObject","inLanguage":"pt-PT","@id":"https:\/\/www.pinetrees.pt.algarvecomputercentre.com\/pt\/about\/volunteering\/#primaryimage","url":"https:\/\/www.pinetrees.pt.algarvecomputercentre.com\/wp-content\/uploads\/2015\/06\/Entrance1.jpg","contentUrl":"https:\/\/www.pinetrees.pt.algarvecomputercentre.com\/wp-content\/uploads\/2015\/06\/Entrance1.jpg","width":2242,"height":1494},{"@type":"BreadcrumbList","@id":"https:\/\/www.pinetrees.pt.algarvecomputercentre.com\/pt\/about\/volunteering\/#breadcrumb","itemListElement":[{"@type":"ListItem","position":1,"name":"Home","item":"https:\/\/pinetrees.pt\/pt\/"},{"@type":"ListItem","position":2,"name":"About the horse riding centre","item":"https:\/\/pinetrees.pt\/pt\/about\/"},{"@type":"ListItem","position":3,"name":"Work"}]},{"@type":"WebSite","@id":"https:\/\/pinetrees.pt\/pt\/#website","url":"https:\/\/pinetrees.pt\/pt\/","name":"Pinetrees Riding Centre","description":"Your best riding experience in Algarve","potentialAction":[{"@type":"SearchAction","target":{"@type":"EntryPoint","urlTemplate":"https:\/\/pinetrees.pt\/pt\/?s={search_term_string}"},"query-input":{"@type":"PropertyValueSpecification","valueRequired":true,"valueName":"search_term_string"}}],"inLanguage":"pt-PT"}]}},"_links":{"self":[{"href":"https:\/\/www.pinetrees.pt.algarvecomputercentre.com\/pt\/wp-json\/wp\/v2\/pages\/19","targetHints":{"allow":["GET"]}}],"collection":[{"href":"https:\/\/www.pinetrees.pt.algarvecomputercentre.com\/pt\/wp-json\/wp\/v2\/pages"}],"about":[{"href":"https:\/\/www.pinetrees.pt.algarvecomputercentre.com\/pt\/wp-json\/wp\/v2\/types\/page"}],"author":[{"embeddable":true,"href":"https:\/\/www.pinetrees.pt.algarvecomputercentre.com\/pt\/wp-json\/wp\/v2\/users\/1"}],"replies":[{"embeddable":true,"href":"https:\/\/www.pinetrees.pt.algarvecomputercentre.com\/pt\/wp-json\/wp\/v2\/comments?post=19"}],"version-history":[{"count":24,"href":"https:\/\/www.pinetrees.pt.algarvecomputercentre.com\/pt\/wp-json\/wp\/v2\/pages\/19\/revisions"}],"predecessor-version":[{"id":16003,"href":"https:\/\/www.pinetrees.pt.algarvecomputercentre.com\/pt\/wp-json\/wp\/v2\/pages\/19\/revisions\/16003"}],"up":[{"embeddable":true,"href":"https:\/\/www.pinetrees.pt.algarvecomputercentre.com\/pt\/wp-json\/wp\/v2\/pages\/34"}],"wp:featuredmedia":[{"embeddable":true,"href":"https:\/\/www.pinetrees.pt.algarvecomputercentre.com\/pt\/wp-json\/wp\/v2\/media\/73"}],"wp:attachment":[{"href":"https:\/\/www.pinetrees.pt.algarvecomputercentre.com\/pt\/wp-json\/wp\/v2\/media?parent=19"}],"curies":[{"name":"wp","href":"https:\/\/api.w.org\/{rel}","templated":true}]}}